{"id":5173,"date":"2024-11-28T18:08:25","date_gmt":"2024-11-28T21:08:25","guid":{"rendered":"https:\/\/www.jbconsultoria.adv.br\/site\/?post_type=product&#038;p=5173"},"modified":"2024-11-28T18:08:25","modified_gmt":"2024-11-28T21:08:25","slug":"curso-contrato-de-gestao-na-saude","status":"publish","type":"product","link":"https:\/\/www.jbconsultoria.adv.br\/site\/produto\/curso-contrato-de-gestao-na-saude\/","title":{"rendered":"Curso Contrato de Gest\u00e3o na Sa\u00fade"},"content":{"rendered":"<p>Realizado em S\u00e3o Paulo\/SP em 2023.<\/p>\n","protected":false},"excerpt":{"rendered":"<p>Realizado em S\u00e3o Paulo\/SP em 2023.<\/p>\n","protected":false},"featured_media":5174,"template":"","meta":[],"product_cat":[23],"product_tag":[],"class_list":{"0":"post-5173","1":"product","2":"type-product","3":"status-publish","4":"has-post-thumbnail","6":"product_cat-todos-produtos","8":"first","9":"instock","10":"shipping-taxable","11":"product-type-simple"},"_links":{"self":[{"href":"https:\/\/www.jbconsultoria.adv.br\/site\/wp-json\/wp\/v2\/product\/5173","targetHints":{"allow":["GET"]}}],"collection":[{"href":"https:\/\/www.jbconsultoria.adv.br\/site\/wp-json\/wp\/v2\/product"}],"about":[{"href":"https:\/\/www.jbconsultoria.adv.br\/site\/wp-json\/wp\/v2\/types\/product"}],"version-history":[{"count":1,"href":"https:\/\/www.jbconsultoria.adv.br\/site\/wp-json\/wp\/v2\/product\/5173\/revisions"}],"predecessor-version":[{"id":5175,"href":"https:\/\/www.jbconsultoria.adv.br\/site\/wp-json\/wp\/v2\/product\/5173\/revisions\/5175"}],"wp:featuredmedia":[{"embeddable":true,"href":"https:\/\/www.jbconsultoria.adv.br\/site\/wp-json\/wp\/v2\/media\/5174"}],"wp:attachment":[{"href":"https:\/\/www.jbconsultoria.adv.br\/site\/wp-json\/wp\/v2\/media?parent=5173"}],"wp:term":[{"taxonomy":"product_cat","embeddable":true,"href":"https:\/\/www.jbconsultoria.adv.br\/site\/wp-json\/wp\/v2\/product_cat?post=5173"},{"taxonomy":"product_tag","embeddable":true,"href":"https:\/\/www.jbconsultoria.adv.br\/site\/wp-json\/wp\/v2\/product_tag?post=5173"}],"curies":[{"name":"wp","href":"https:\/\/api.w.org\/{rel}","templated":true}]}}