{"id":5142,"date":"2024-11-26T08:58:06","date_gmt":"2024-11-26T11:58:06","guid":{"rendered":"https:\/\/www.jbconsultoria.adv.br\/site\/?page_id=5142"},"modified":"2024-11-26T08:59:14","modified_gmt":"2024-11-26T11:59:14","slug":"cursos","status":"publish","type":"page","link":"https:\/\/www.jbconsultoria.adv.br\/site\/cursos\/","title":{"rendered":"Cursos"},"content":{"rendered":"\t\t<div data-elementor-type=\"wp-page\" data-elementor-id=\"5142\" class=\"elementor elementor-5142\">\n\t\t\t\t\t\t<section class=\"elementor-section elementor-top-section elementor-element elementor-element-cd76e80 elementor-section-height-min-height elementor-section-stretched elementor-section-boxed elementor-section-height-default elementor-section-items-middle\" data-id=\"cd76e80\" data-element_type=\"section\" data-settings=\"{&quot;background_background&quot;:&quot;classic&quot;,&quot;stretch_section&quot;:&quot;section-stretched&quot;}\">\n\t\t\t\t\t\t\t<div class=\"elementor-background-overlay\"><\/div>\n\t\t\t\t\t\t\t<div class=\"elementor-container elementor-column-gap-no\">\n\t\t\t\t\t<div class=\"elementor-column elementor-col-100 elementor-top-column elementor-element elementor-element-bffcb60\" data-id=\"bffcb60\" data-element_type=\"column\">\n\t\t\t<div class=\"elementor-widget-wrap elementor-element-populated\">\n\t\t\t\t\t\t<div class=\"elementor-element elementor-element-d7f0ff4 elementor-widget elementor-widget-heading\" data-id=\"d7f0ff4\" data-element_type=\"widget\" data-widget_type=\"heading.default\">\n\t\t\t\t<div class=\"elementor-widget-container\">\n\t\t\t<h1 class=\"elementor-heading-title elementor-size-default\">CURSOS<\/h1>\t\t<\/div>\n\t\t\t\t<\/div>\n\t\t\t\t\t<\/div>\n\t\t<\/div>\n\t\t\t\t\t<\/div>\n\t\t<\/section>\n\t\t\t\t<section class=\"elementor-section elementor-top-section elementor-element elementor-element-3e40907 elementor-section-stretched elementor-section-boxed elementor-section-height-default elementor-section-height-default\" data-id=\"3e40907\" data-element_type=\"section\" data-settings=\"{&quot;stretch_section&quot;:&quot;section-stretched&quot;}\">\n\t\t\t\t\t\t<div class=\"elementor-container elementor-column-gap-no\">\n\t\t\t\t\t<div class=\"elementor-column elementor-col-100 elementor-top-column elementor-element elementor-element-310b3d8\" data-id=\"310b3d8\" data-element_type=\"column\">\n\t\t\t<div class=\"elementor-widget-wrap elementor-element-populated\">\n\t\t\t\t\t\t<div class=\"elementor-element elementor-element-bc2f54f elementor-widget elementor-widget-ucaddon_post_grid\" data-id=\"bc2f54f\" data-element_type=\"widget\" data-widget_type=\"ucaddon_post_grid.default\">\n\t\t\t\t<div class=\"elementor-widget-container\">\n\t\t\t<!-- start Post Grid -->\n\t\t<link id='font-awesome-css' href='https:\/\/www.jbconsultoria.adv.br\/site\/wp-content\/plugins\/unlimited-elements-for-elementor-premium\/assets_libraries\/font-awesome5\/css\/fontawesome-all.min.css' type='text\/css' rel='stylesheet' >\n\t\t<link id='font-awesome-4-shim-css' href='https:\/\/www.jbconsultoria.adv.br\/site\/wp-content\/plugins\/unlimited-elements-for-elementor-premium\/assets_libraries\/font-awesome5\/css\/fontawesome-v4-shims.css' type='text\/css' rel='stylesheet' >\n\n\t\t\t<style type=\"text\/css\">\/* widget: Post Grid *\/\n\n#uc_post_grid_elementor_bc2f54f.ue-post-grid {\n   display:grid;\n}\n\n\n\n#uc_post_grid_elementor_bc2f54f .ue-item\n{\n  overflow:hidden;\n  position:relative;\n}\n\n#uc_post_grid_elementor_bc2f54f .uc_post_image\n{\n  transition:0.3s;\n  position:relative;\n  overflow:hidden;\n}\n\n#uc_post_grid_elementor_bc2f54f .uc_post_image img\n{\n  width:100%;\n  display:block;\n  transition:0.3s;\n}\n\n\n\t\n\n\n\n\n\n\n#uc_post_grid_elementor_bc2f54f .uc_post_image_overlay\n{\n  position:absolute;\n  top:0px;\n  left:0px;\n  height:100%;\n  width:100%;\n  transition:0.3s;\n}\n\n#uc_post_grid_elementor_bc2f54f .uc_more_btn{\n\n  display:block;\n  text-align:center;\n  text-decoration:none;\n  transition:0.3s;\n}\n\n.ue-grid-item-category a\n{\n  display:inline-block;\n  font-size:10px;\n  \n}\n\n.uc_post_title\n{\n  font-size:21px;\n}\n\n\n#uc_post_grid_elementor_bc2f54f .ue_post_grid_item\n{\n  display:flex;\n  flex-direction:column;\n}\n\n#uc_post_grid_elementor_bc2f54f.ue-post-grid .uc_content{\n flex-grow:1;\n}\n\n#uc_post_grid_elementor_bc2f54f.ue-post-grid .uc_content > div\n{\n  height:100%;\n  display:flex;\n  flex-direction:column;\n}\n\n#uc_post_grid_elementor_bc2f54f .uc_post_button\n{\n  margin-top:auto;\n}\n\n\n\n\n\n\n\n\n\n\n\n\n\n\n\n\n\n\n\n\n\n#uc_post_grid_elementor_bc2f54f .ue-meta-data\n{\n  \n  display:flex;\n\n  flex-wrap: wrap;\n  line-height:1em;\n}\n\n#uc_post_grid_elementor_bc2f54f .ue-grid-item-meta-data\n{\n      display:inline-flex;\n      align-items:center;\n}\n\n.ue-grid-item-meta-data\n{\n  font-size:12px;\n}\n\n#uc_post_grid_elementor_bc2f54f .ue-grid-item-meta-data-icon\n{\n  line-height:1em;\n}\n\n#uc_post_grid_elementor_bc2f54f .ue-grid-item-meta-data-icon svg\n{\n  width:1em;\n  height:1em;\n}\n\n#uc_post_grid_elementor_bc2f54f .ue-debug-meta\n{\n  padding:10px;\n  border:1px solid red;\n  position:relative;\n  line-height:1.5em;\n  font-size:11px;\n  width:100%;\n}\n\n.uc-remote-parent .ue-item{\n\tcursor:pointer;\n}\n\n<\/style>\n\n\t\t\t<div class=\"ue-post-grid uc-items-wrapper  \" id=\"uc_post_grid_elementor_bc2f54f\"  >\n\t\t\t<div class=\"ue-item elementor-animation-float\">\n  \n   <a class=\"ue-post-image-wrapper\" href=\"https:\/\/www.jbconsultoria.adv.br\/site\/curso-de-elaboracao-analise-de-projetos-e-plano-de-trabalho-nas-parcerias\/\" target=\"_self\">\n   <div class=\"uc_post_image\">\n   <img fetchpriority=\"high\" decoding=\"async\" src=\"https:\/\/www.jbconsultoria.adv.br\/site\/wp-content\/uploads\/2025\/03\/img001-768x745.jpg\"  src=\"https:\/\/www.jbconsultoria.adv.br\/site\/wp-content\/uploads\/2025\/03\/img001-768x745.jpg\" alt=\"img001\" width=\"768\" height=\"745\">\n   <div class=\"uc_post_image_overlay\"><\/div>\n   <\/div>\n  <\/a>\n   \n <div class=\"uc_content\">\n    <div>\n      \n           \n    \n  \n      \n      \n    <div class=\"uc_post_title\"><a href=\"https:\/\/www.jbconsultoria.adv.br\/site\/curso-de-elaboracao-analise-de-projetos-e-plano-de-trabalho-nas-parcerias\/\" target=\"_self\"><div>Curso de Elabora\u00e7\u00e3o, An\u00e1lise de Projetos e Plano de Trabalho nas Parcerias<\/div><\/a><\/div>\t\n    \n     \n     \n          <div class=\"ue-meta-data\">\n                        \n                        \n        \n\t\t\t\n\n\n\n\n\n\n\n\n\n\n\n\n            \n                        \n                        \n                        \n                        \n                        \n            \t\t\t\n              \n            \n          <\/div>\n     \n      \n      \n      \n         <div class=\"uc_post_button\"><a class=\"uc_more_btn\" href=\"https:\/\/www.jbconsultoria.adv.br\/site\/curso-de-elaboracao-analise-de-projetos-e-plano-de-trabalho-nas-parcerias\/\" target=\"_self\">Leia mais<\/a><\/div> \t<\/div>\n  <\/div>\n<\/div>\n<div class=\"ue-item elementor-animation-float\">\n  \n   <a class=\"ue-post-image-wrapper\" href=\"https:\/\/www.jbconsultoria.adv.br\/site\/curso-contrato-de-gestao-na-saude\/\" target=\"_self\">\n   <div class=\"uc_post_image\">\n   <img decoding=\"async\" src=\"https:\/\/www.jbconsultoria.adv.br\/site\/wp-content\/uploads\/2025\/03\/img002-768x605.jpg\"  src=\"https:\/\/www.jbconsultoria.adv.br\/site\/wp-content\/uploads\/2025\/03\/img002-768x605.jpg\" alt=\"img002\" width=\"768\" height=\"605\">\n   <div class=\"uc_post_image_overlay\"><\/div>\n   <\/div>\n  <\/a>\n   \n <div class=\"uc_content\">\n    <div>\n      \n           \n    \n  \n      \n      \n    <div class=\"uc_post_title\"><a href=\"https:\/\/www.jbconsultoria.adv.br\/site\/curso-contrato-de-gestao-na-saude\/\" target=\"_self\"><div>Curso Contrato de Gest\u00e3o na Sa\u00fade<\/div><\/a><\/div>\t\n    \n     \n     \n          <div class=\"ue-meta-data\">\n                        \n                        \n        \n\t\t\t\n\n\n\n\n\n\n\n\n\n\n\n\n            \n                        \n                        \n                        \n                        \n                        \n            \t\t\t\n              \n            \n          <\/div>\n     \n      \n      \n      \n         <div class=\"uc_post_button\"><a class=\"uc_more_btn\" href=\"https:\/\/www.jbconsultoria.adv.br\/site\/curso-contrato-de-gestao-na-saude\/\" target=\"_self\">Leia mais<\/a><\/div> \t<\/div>\n  <\/div>\n<\/div>\n<div class=\"ue-item elementor-animation-float\">\n  \n   <a class=\"ue-post-image-wrapper\" href=\"https:\/\/www.jbconsultoria.adv.br\/site\/curso-de-contrato-de-gestao-na-saude\/\" target=\"_self\">\n   <div class=\"uc_post_image\">\n   <img decoding=\"async\" src=\"https:\/\/www.jbconsultoria.adv.br\/site\/wp-content\/uploads\/2025\/03\/img003-768x736.jpg\"  src=\"https:\/\/www.jbconsultoria.adv.br\/site\/wp-content\/uploads\/2025\/03\/img003-768x736.jpg\" alt=\"img003\" width=\"768\" height=\"736\">\n   <div class=\"uc_post_image_overlay\"><\/div>\n   <\/div>\n  <\/a>\n   \n <div class=\"uc_content\">\n    <div>\n      \n           \n    \n  \n      \n      \n    <div class=\"uc_post_title\"><a href=\"https:\/\/www.jbconsultoria.adv.br\/site\/curso-de-contrato-de-gestao-na-saude\/\" target=\"_self\"><div>Curso de Contrato de Gest\u00e3o na Sa\u00fade<\/div><\/a><\/div>\t\n    \n     \n     \n          <div class=\"ue-meta-data\">\n                        \n                        \n        \n\t\t\t\n\n\n\n\n\n\n\n\n\n\n\n\n            \n                        \n                        \n                        \n                        \n                        \n            \t\t\t\n              \n            \n          <\/div>\n     \n      \n      \n      \n         <div class=\"uc_post_button\"><a class=\"uc_more_btn\" href=\"https:\/\/www.jbconsultoria.adv.br\/site\/curso-de-contrato-de-gestao-na-saude\/\" target=\"_self\">Leia mais<\/a><\/div> \t<\/div>\n  <\/div>\n<\/div>\n\n<\/div>\n\n\n\n  <div id=\"uc_post_grid_elementor_bc2f54f_empty_message\" class=\"ue-no-posts-found\"  style=\"display:none\" >No posts found<\/div>\n\n\n\t\t\t<!-- end Post Grid -->\t\t<\/div>\n\t\t\t\t<\/div>\n\t\t\t\t<div class=\"elementor-element elementor-element-8435f62 elementor-widget elementor-widget-ucaddon_archive_pagination\" data-id=\"8435f62\" data-element_type=\"widget\" data-widget_type=\"ucaddon_archive_pagination.default\">\n\t\t\t\t<div class=\"elementor-widget-container\">\n\t\t\t<!-- start Post Pagination -->\n\n\t\t\t<style type=\"text\/css\">\/* widget: Post Pagination *\/\n\n#uc_archive_pagination_elementor_8435f62 nav\n{\n  padding:0px;\n  margin:0px;\n}\n\n#uc_archive_pagination_elementor_8435f62 \n{\n  display:flex;\n  flex-wrap: wrap;\n  justify-content:center;\n}\n\n#uc_archive_pagination_elementor_8435f62 .nav-links\n{\n  display:flex;\n  justify-content:center;\n}\n\n#uc_archive_pagination_elementor_8435f62 .nav-links > *\n{\n}\n\n#uc_archive_pagination_elementor_8435f62 .page-numbers\n{\n  display:flex;\n  \n  align-items:center;\n  justify-content:center;\n  transition:0.3s;\n  line-height:1em;\n}\n\n\n#uc_archive_pagination_elementor_8435f62 a.page-numbers, #uc_archive_pagination_elementor_8435f62 .dots\n{\n  color:#414141;\n  background-color:;\n}\n\n#uc_archive_pagination_elementor_8435f62 a.page-numbers:hover\n{\n  color:#FFFFFF;\n  background-color:#B0B0B0;\n}\n\n#uc_archive_pagination_elementor_8435f62 .page-numbers.current,\n#uc_archive_pagination_elementor_8435f62 .page-numbers.current:hover\n{\n  background-color:#606060;\n  color:#ffffff;\n}\n\n\n#uc_archive_pagination_elementor_8435f62 .page-numbers.prev, #uc_archive_pagination_elementor_8435f62 .page-numbers.next\n{\n  padding-left:15px;\n  padding-right:15px;\n}\n\n\n\n#uc_archive_pagination_elementor_8435f62 .prev:before {\n   font-family: \"Font Awesome 5 Free\";\n   content: \"\\f053\";\n   display: inline-block;\n   vertical-align: middle;\n   font-weight: 900;\n   padding-right:10px;}\n\n#uc_archive_pagination_elementor_8435f62 .next:after {\n   font-family: \"Font Awesome 5 Free\";\n   content: \"\\f054\";\n   display: inline-block;\n   vertical-align: middle;\n   font-weight: 900;\n   padding-left:10px;}\n\n#uc_archive_pagination_elementor_8435f62.uc-ajax-loading{\n\topacity:1 !important;\n}\n\n#uc_archive_pagination_elementor_8435f62.uc-ajax-loading .current{\n\tposition:relative;\n    overflow:hidden;\n}\n\n\n#uc_archive_pagination_elementor_8435f62.uc-ajax-loading .current:before{\n  content: \"\";\n  display:block;\n  width:100%;\n  height:100%;\n  box-sizing:border-box;\n  position:absolute;\n  top:0px;\n  left:0px;\n  background-color: #c2c2c2;\n  animation: uc-spinning-border 0.5s linear infinite;\n  opacity:50%;\n  border-radius:inherit;\n}\n\n@keyframes uc-spinning-border {\n\t0%{transform: scale(0);}\n\t100%{transform: scale(1); }\t\n}\n\n\n\n<\/style>\n\n\t\t\t<div id=\"uc_archive_pagination_elementor_8435f62\" class=\"archive_pagination uc-filter-pagination\">\n\n<\/div>\n\t\t\t<!-- end Post Pagination -->\t\t<\/div>\n\t\t\t\t<\/div>\n\t\t\t\t\t<\/div>\n\t\t<\/div>\n\t\t\t\t\t<\/div>\n\t\t<\/section>\n\t\t\t\t<\/div>\n\t\t","protected":false},"excerpt":{"rendered":"<p>CURSOS Curso Teste 01 Leia mais No posts found 1 2 3 4 5<\/p>\n","protected":false},"author":1,"featured_media":0,"parent":0,"menu_order":0,"comment_status":"closed","ping_status":"closed","template":"elementor_header_footer","meta":{"footnotes":""},"class_list":["post-5142","page","type-page","status-publish","hentry"],"_links":{"self":[{"href":"https:\/\/www.jbconsultoria.adv.br\/site\/wp-json\/wp\/v2\/pages\/5142","targetHints":{"allow":["GET"]}}],"collection":[{"href":"https:\/\/www.jbconsultoria.adv.br\/site\/wp-json\/wp\/v2\/pages"}],"about":[{"href":"https:\/\/www.jbconsultoria.adv.br\/site\/wp-json\/wp\/v2\/types\/page"}],"author":[{"embeddable":true,"href":"https:\/\/www.jbconsultoria.adv.br\/site\/wp-json\/wp\/v2\/users\/1"}],"replies":[{"embeddable":true,"href":"https:\/\/www.jbconsultoria.adv.br\/site\/wp-json\/wp\/v2\/comments?post=5142"}],"version-history":[{"count":4,"href":"https:\/\/www.jbconsultoria.adv.br\/site\/wp-json\/wp\/v2\/pages\/5142\/revisions"}],"predecessor-version":[{"id":5147,"href":"https:\/\/www.jbconsultoria.adv.br\/site\/wp-json\/wp\/v2\/pages\/5142\/revisions\/5147"}],"wp:attachment":[{"href":"https:\/\/www.jbconsultoria.adv.br\/site\/wp-json\/wp\/v2\/media?parent=5142"}],"curies":[{"name":"wp","href":"https:\/\/api.w.org\/{rel}","templated":true}]}}