{"id":1550,"date":"2022-10-19T14:45:57","date_gmt":"2022-10-19T17:45:57","guid":{"rendered":"https:\/\/logicsite.com.br\/padrao2\/?page_id=1550"},"modified":"2024-11-22T07:44:08","modified_gmt":"2024-11-22T10:44:08","slug":"politica-de-privacidade","status":"publish","type":"page","link":"https:\/\/www.jbconsultoria.adv.br\/site\/politica-de-privacidade\/","title":{"rendered":"Pol\u00edtica de Privacidade"},"content":{"rendered":"\t\t<div data-elementor-type=\"wp-page\" data-elementor-id=\"1550\" class=\"elementor elementor-1550\">\n\t\t\t\t\t\t<section class=\"elementor-section elementor-top-section elementor-element elementor-element-cd76e80 elementor-section-height-min-height elementor-section-stretched elementor-section-boxed elementor-section-height-default elementor-section-items-middle\" data-id=\"cd76e80\" data-element_type=\"section\" data-settings=\"{&quot;background_background&quot;:&quot;classic&quot;,&quot;stretch_section&quot;:&quot;section-stretched&quot;}\">\n\t\t\t\t\t\t\t<div class=\"elementor-background-overlay\"><\/div>\n\t\t\t\t\t\t\t<div class=\"elementor-container elementor-column-gap-no\">\n\t\t\t\t\t<div class=\"elementor-column elementor-col-100 elementor-top-column elementor-element elementor-element-bffcb60\" data-id=\"bffcb60\" data-element_type=\"column\">\n\t\t\t<div class=\"elementor-widget-wrap elementor-element-populated\">\n\t\t\t\t\t\t<div class=\"elementor-element elementor-element-d7f0ff4 elementor-widget elementor-widget-heading\" data-id=\"d7f0ff4\" data-element_type=\"widget\" data-widget_type=\"heading.default\">\n\t\t\t\t<div class=\"elementor-widget-container\">\n\t\t\t<h1 class=\"elementor-heading-title elementor-size-default\">INFORMA\u00c7\u00c3O<\/h1>\t\t<\/div>\n\t\t\t\t<\/div>\n\t\t\t\t\t<\/div>\n\t\t<\/div>\n\t\t\t\t\t<\/div>\n\t\t<\/section>\n\t\t\t\t<section class=\"elementor-section elementor-top-section elementor-element elementor-element-2ac2c01c elementor-section-stretched elementor-section-boxed elementor-section-height-default elementor-section-height-default\" data-id=\"2ac2c01c\" data-element_type=\"section\" data-settings=\"{&quot;stretch_section&quot;:&quot;section-stretched&quot;}\">\n\t\t\t\t\t\t<div class=\"elementor-container elementor-column-gap-no\">\n\t\t\t\t\t<div class=\"elementor-column elementor-col-100 elementor-top-column elementor-element elementor-element-7757a754\" data-id=\"7757a754\" data-element_type=\"column\">\n\t\t\t<div class=\"elementor-widget-wrap elementor-element-populated\">\n\t\t\t\t\t\t<div class=\"elementor-element elementor-element-9d88e18 elementor-widget elementor-widget-image\" data-id=\"9d88e18\" data-element_type=\"widget\" data-widget_type=\"image.default\">\n\t\t\t\t<div class=\"elementor-widget-container\">\n\t\t\t\t\t\t\t\t\t\t\t\t\t<img fetchpriority=\"high\" decoding=\"async\" width=\"1500\" height=\"449\" src=\"https:\/\/www.jbconsultoria.adv.br\/site\/wp-content\/uploads\/2024\/11\/politicaprivacidade04.jpg\" class=\"attachment-full size-full wp-image-4950\" alt=\"\" srcset=\"https:\/\/www.jbconsultoria.adv.br\/site\/wp-content\/uploads\/2024\/11\/politicaprivacidade04.jpg 1500w, https:\/\/www.jbconsultoria.adv.br\/site\/wp-content\/uploads\/2024\/11\/politicaprivacidade04-300x90.jpg 300w, https:\/\/www.jbconsultoria.adv.br\/site\/wp-content\/uploads\/2024\/11\/politicaprivacidade04-1024x307.jpg 1024w, https:\/\/www.jbconsultoria.adv.br\/site\/wp-content\/uploads\/2024\/11\/politicaprivacidade04-768x230.jpg 768w, https:\/\/www.jbconsultoria.adv.br\/site\/wp-content\/uploads\/2024\/11\/politicaprivacidade04-800x239.jpg 800w\" sizes=\"(max-width: 1500px) 100vw, 1500px\" \/>\t\t\t\t\t\t\t\t\t\t\t\t\t<\/div>\n\t\t\t\t<\/div>\n\t\t\t\t<div class=\"elementor-element elementor-element-707c5d0 elementor-widget elementor-widget-heading\" data-id=\"707c5d0\" data-element_type=\"widget\" data-widget_type=\"heading.default\">\n\t\t\t\t<div class=\"elementor-widget-container\">\n\t\t\t<h1 class=\"elementor-heading-title elementor-size-default\">POL\u00cdTICA DE PRIVACIDADE<\/h1>\t\t<\/div>\n\t\t\t\t<\/div>\n\t\t\t\t<div class=\"elementor-element elementor-element-5cbb41a elementor-widget elementor-widget-text-editor\" data-id=\"5cbb41a\" data-element_type=\"widget\" data-widget_type=\"text-editor.default\">\n\t\t\t\t<div class=\"elementor-widget-container\">\n\t\t\t\t\t\t\t<p style=\"text-align: justify;\">Nos preocupamos com a sua seguran\u00e7a na internet quando ela est\u00e1 relacionada \u00e0 utiliza\u00e7\u00e3o do nosso site, por isso esclareceremos abaixo atrav\u00e9s da nossa Pol\u00edtica de Privacidade, alguns pontos importantes para garantir sua seguran\u00e7a sobre a utiliza\u00e7\u00e3o dos dados informados por voc\u00ea.<\/p><p style=\"text-align: justify;\"><strong>Sobre os Dados Fornecidos<\/strong><\/p><p style=\"text-align: justify;\">Os dados fornecidos por voc\u00ea em nosso site contribui para uma melhor presta\u00e7\u00e3o de nossos servi\u00e7os, tornando-o cada vez mais direcionado as necessidades e informa\u00e7\u00f5es que os usu\u00e1rios buscam.<\/p><p style=\"text-align: justify;\">Seus dados s\u00e3o solicitados atrav\u00e9s de algum cadastro ou de formul\u00e1rio de contato quando voc\u00ea deseja receber\/acessar mais informa\u00e7\u00f5es sobre os nossos servi\u00e7os ou ser atendido(a) de alguma forma. Ou ainda, atrav\u00e9s de cadastro para recebimento de newsletter (quando existente no site), no qual podemos enviar informa\u00e7\u00f5es relativas \u00e0 empresa e outros assuntos que possam interessar.<\/p><p style=\"text-align: justify;\"><strong>Seguran\u00e7a das Informa\u00e7\u00f5es<\/strong><\/p><p style=\"text-align: justify;\">Consideramos as informa\u00e7\u00f5es dos usu\u00e1rios de nosso site importantes e sigilosas. Colhemos informa\u00e7\u00f5es pessoais como nome, telefone, e-mail e outras quando fornecidos voluntariamente atrav\u00e9s dos formul\u00e1rios de contato ou cadastro. Estas informa\u00e7\u00f5es, em hip\u00f3tese alguma ser\u00e3o compartilhadas, publicadas ou comercializadas. Salvo se formos for obrigados por lei, processo ou determina\u00e7\u00e3o de autoridades, a faz\u00ea-lo para preservar a seguran\u00e7a de outros usu\u00e1rios ou identificar algum crime.<\/p><p style=\"text-align: justify;\">Todos os dados s\u00e3o devidamente armazenados em um banco de dados seguro e com acesso restrito a poucos funcion\u00e1rios, que s\u00e3o obrigados por contrato a manter o sigilo sobre as informa\u00e7\u00f5es, assim como n\u00e3o utiliz\u00e1-las de forma inadequada.<\/p><p style=\"text-align: justify;\">Sempre tomamos as precau\u00e7\u00f5es devidas no \u00e2mbito administrativo e t\u00e9cnico para proteger todas as informa\u00e7\u00f5es contra roubo, perda, altera\u00e7\u00e3o indevida, ou divulga\u00e7\u00e3o.<\/p><p style=\"text-align: justify;\"><strong>Sobre os Cookies<\/strong><\/p><p style=\"text-align: justify;\">Os Cookies s\u00e3o informa\u00e7\u00f5es enviadas pelos servidores para auxiliar na identifica\u00e7\u00e3o do IP, identifica\u00e7\u00e3o do usu\u00e1rio e na facilidade da navega\u00e7\u00e3o. Essa tecnologia visa melhorar o entendimento sobre o comportamento do usu\u00e1rio no site, ajudando a medir a efic\u00e1cia de campanhas, pesquisas, bem como para controle interno de audi\u00eancia e de prefer\u00eancias.<\/p><p style=\"text-align: justify;\">A aceita\u00e7\u00e3o ou n\u00e3o dos cookies pode ser livremente alterada nas configura\u00e7\u00f5es de seu navegador.<\/p><p style=\"text-align: justify;\"><strong>Demais Esclarecimentos<\/strong><\/p><p style=\"text-align: justify;\">Para quaisquer esclarecimentos sobre nossa Pol\u00edtica de Privacidade entre em contato em nossa p\u00e1gina.<\/p><p style=\"text-align: justify;\">Podemos realizar retifica\u00e7\u00f5es e mudan\u00e7as nesta Pol\u00edtica de Privacidade sempre que houver necessidade, este documento n\u00e3o cria qualquer v\u00ednculo contratual entre o site e o usu\u00e1rio.<\/p>\t\t\t\t\t\t<\/div>\n\t\t\t\t<\/div>\n\t\t\t\t\t<\/div>\n\t\t<\/div>\n\t\t\t\t\t<\/div>\n\t\t<\/section>\n\t\t\t\t<\/div>\n\t\t","protected":false},"excerpt":{"rendered":"<p>INFORMA\u00c7\u00c3O POL\u00cdTICA DE PRIVACIDADE Nos preocupamos com a sua seguran\u00e7a na internet quando ela est\u00e1 relacionada \u00e0 utiliza\u00e7\u00e3o do nosso site, por isso esclareceremos abaixo atrav\u00e9s da nossa Pol\u00edtica de Privacidade, alguns pontos importantes para garantir sua seguran\u00e7a sobre a utiliza\u00e7\u00e3o dos dados informados por voc\u00ea. Sobre os Dados Fornecidos Os dados fornecidos por voc\u00ea [&hellip;]<\/p>\n","protected":false},"author":1,"featured_media":0,"parent":0,"menu_order":0,"comment_status":"closed","ping_status":"closed","template":"elementor_header_footer","meta":{"footnotes":""},"class_list":["post-1550","page","type-page","status-publish","hentry"],"_links":{"self":[{"href":"https:\/\/www.jbconsultoria.adv.br\/site\/wp-json\/wp\/v2\/pages\/1550","targetHints":{"allow":["GET"]}}],"collection":[{"href":"https:\/\/www.jbconsultoria.adv.br\/site\/wp-json\/wp\/v2\/pages"}],"about":[{"href":"https:\/\/www.jbconsultoria.adv.br\/site\/wp-json\/wp\/v2\/types\/page"}],"author":[{"embeddable":true,"href":"https:\/\/www.jbconsultoria.adv.br\/site\/wp-json\/wp\/v2\/users\/1"}],"replies":[{"embeddable":true,"href":"https:\/\/www.jbconsultoria.adv.br\/site\/wp-json\/wp\/v2\/comments?post=1550"}],"version-history":[{"count":45,"href":"https:\/\/www.jbconsultoria.adv.br\/site\/wp-json\/wp\/v2\/pages\/1550\/revisions"}],"predecessor-version":[{"id":4953,"href":"https:\/\/www.jbconsultoria.adv.br\/site\/wp-json\/wp\/v2\/pages\/1550\/revisions\/4953"}],"wp:attachment":[{"href":"https:\/\/www.jbconsultoria.adv.br\/site\/wp-json\/wp\/v2\/media?parent=1550"}],"curies":[{"name":"wp","href":"https:\/\/api.w.org\/{rel}","templated":true}]}}