{"id":1517,"date":"2022-10-19T13:57:23","date_gmt":"2022-10-19T16:57:23","guid":{"rendered":"https:\/\/logicsite.com.br\/padrao2\/?page_id=1517"},"modified":"2024-11-22T07:05:41","modified_gmt":"2024-11-22T10:05:41","slug":"escritorios","status":"publish","type":"page","link":"https:\/\/www.jbconsultoria.adv.br\/site\/escritorios\/","title":{"rendered":"Escrit\u00f3rios"},"content":{"rendered":"\t\t<div data-elementor-type=\"wp-page\" data-elementor-id=\"1517\" class=\"elementor elementor-1517\">\n\t\t\t\t\t\t<section class=\"elementor-section elementor-top-section elementor-element elementor-element-cd76e80 elementor-section-height-min-height elementor-section-stretched elementor-section-boxed elementor-section-height-default elementor-section-items-middle\" data-id=\"cd76e80\" data-element_type=\"section\" data-settings=\"{&quot;background_background&quot;:&quot;classic&quot;,&quot;stretch_section&quot;:&quot;section-stretched&quot;}\">\n\t\t\t\t\t\t\t<div class=\"elementor-background-overlay\"><\/div>\n\t\t\t\t\t\t\t<div class=\"elementor-container elementor-column-gap-no\">\n\t\t\t\t\t<div class=\"elementor-column elementor-col-100 elementor-top-column elementor-element elementor-element-bffcb60\" data-id=\"bffcb60\" data-element_type=\"column\">\n\t\t\t<div class=\"elementor-widget-wrap elementor-element-populated\">\n\t\t\t\t\t\t<div class=\"elementor-element elementor-element-d7f0ff4 elementor-widget elementor-widget-heading\" data-id=\"d7f0ff4\" data-element_type=\"widget\" data-widget_type=\"heading.default\">\n\t\t\t\t<div class=\"elementor-widget-container\">\n\t\t\t<h1 class=\"elementor-heading-title elementor-size-default\">ESCRIT\u00d3RIOS<\/h1>\t\t<\/div>\n\t\t\t\t<\/div>\n\t\t\t\t\t<\/div>\n\t\t<\/div>\n\t\t\t\t\t<\/div>\n\t\t<\/section>\n\t\t\t\t<section class=\"elementor-section elementor-top-section elementor-element elementor-element-4c9c79e5 elementor-section-boxed elementor-section-height-default elementor-section-height-default\" data-id=\"4c9c79e5\" data-element_type=\"section\">\n\t\t\t\t\t\t<div class=\"elementor-container elementor-column-gap-default\">\n\t\t\t\t\t<div class=\"elementor-column elementor-col-50 elementor-top-column elementor-element elementor-element-769fd7b4\" data-id=\"769fd7b4\" data-element_type=\"column\">\n\t\t\t<div class=\"elementor-widget-wrap elementor-element-populated\">\n\t\t\t\t\t\t<div class=\"elementor-element elementor-element-23619c9a elementor-widget elementor-widget-text-editor\" data-id=\"23619c9a\" data-element_type=\"widget\" data-widget_type=\"text-editor.default\">\n\t\t\t\t<div class=\"elementor-widget-container\">\n\t\t\t\t\t\t\t<p style=\"text-align: justify;\"><strong><i class=\"fa fa-check\" aria-hidden=\"true\"><\/i> Miss\u00e3o<\/strong><\/p><p style=\"text-align: justify;\">Prestar servi\u00e7os jur\u00eddicos com dedica\u00e7\u00e3o e excel\u00eancia, nas atividades de fomento formalizadas entre a Administra\u00e7\u00e3o P\u00fablica e o Terceiro Setor, oferecendo solu\u00e7\u00f5es inovadoras para obten\u00e7\u00e3o de resultados expressivos que garantam a satisfa\u00e7\u00e3o de seus clientes.<\/p><p style=\"text-align: justify;\"><strong><i class=\"fa fa-check\" aria-hidden=\"true\"><\/i> Vis\u00e3o<\/strong><\/p><p style=\"text-align: justify;\">Ser o melhor escrit\u00f3rio jur\u00eddico brasileiro na presta\u00e7\u00e3o de servi\u00e7os especializados em Direito do Terceiro Setor, Direito Administrativo e Advocacia contenciosa perante o Minist\u00e9rio P\u00fablico, Poder Judici\u00e1rio e os Tribunais de Contas.<\/p><p style=\"text-align: justify;\"><strong><i class=\"fa fa-check\" aria-hidden=\"true\"><\/i> Valores<\/strong><\/p><ul><li style=\"text-align: justify;\">Excel\u00eancia e dedica\u00e7\u00e3o na presta\u00e7\u00e3o servi\u00e7os com efici\u00eancia e qualidade, superando as expectativas de cada um de seus clientes;<\/li><li style=\"text-align: justify;\">Integridade e \u00c9tica, atuando de forma integra e \u00e9tica na condu\u00e7\u00e3o dos neg\u00f3cios jur\u00eddicos e na rela\u00e7\u00e3o com seus clientes e colaboradores;<\/li><li style=\"text-align: justify;\">Respeito nas rela\u00e7\u00f5es pessoais e profissionais;<\/li><li style=\"text-align: justify;\">Criatividade e inova\u00e7\u00e3o &#8211; Ser criativo na busca de novas oportunidades e solu\u00e7\u00f5es inovadoras, com garantia de seguran\u00e7a jur\u00eddica e de acordo com a jurisprud\u00eancia dos Tribunais.<\/li><\/ul>\t\t\t\t\t\t<\/div>\n\t\t\t\t<\/div>\n\t\t\t\t<div class=\"elementor-element elementor-element-60a12bed elementor-widget elementor-widget-heading\" data-id=\"60a12bed\" data-element_type=\"widget\" data-widget_type=\"heading.default\">\n\t\t\t\t<div class=\"elementor-widget-container\">\n\t\t\t<h3 class=\"elementor-heading-title elementor-size-default\"><i class=\"fa fa-whatsapp\"><\/i> (62) 98246-5060 \/ (62) 3311-3545 <i class=\"fa fa-phone\"><\/i><\/h3>\t\t<\/div>\n\t\t\t\t<\/div>\n\t\t\t\t<div class=\"elementor-element elementor-element-5e1e8a8f elementor-hidden-phone elementor-widget elementor-widget-heading\" data-id=\"5e1e8a8f\" data-element_type=\"widget\" data-widget_type=\"heading.default\">\n\t\t\t\t<div class=\"elementor-widget-container\">\n\t\t\t<h2 class=\"elementor-heading-title elementor-size-default\">Entre em contato!<\/h2>\t\t<\/div>\n\t\t\t\t<\/div>\n\t\t\t\t\t<\/div>\n\t\t<\/div>\n\t\t\t\t<div class=\"elementor-column elementor-col-50 elementor-top-column elementor-element elementor-element-28afec37\" data-id=\"28afec37\" data-element_type=\"column\">\n\t\t\t<div class=\"elementor-widget-wrap elementor-element-populated\">\n\t\t\t\t\t\t<div class=\"elementor-element elementor-element-1fa9c2ba elementor-widget elementor-widget-image\" data-id=\"1fa9c2ba\" data-element_type=\"widget\" data-widget_type=\"image.default\">\n\t\t\t\t<div class=\"elementor-widget-container\">\n\t\t\t\t\t\t\t\t\t\t\t\t\t<img fetchpriority=\"high\" decoding=\"async\" width=\"800\" height=\"534\" src=\"https:\/\/www.jbconsultoria.adv.br\/site\/wp-content\/uploads\/2024\/11\/osescritorios-advocacia-goiania.jpg\" class=\"attachment-large size-large wp-image-4921\" alt=\"\" srcset=\"https:\/\/www.jbconsultoria.adv.br\/site\/wp-content\/uploads\/2024\/11\/osescritorios-advocacia-goiania.jpg 900w, https:\/\/www.jbconsultoria.adv.br\/site\/wp-content\/uploads\/2024\/11\/osescritorios-advocacia-goiania-300x200.jpg 300w, https:\/\/www.jbconsultoria.adv.br\/site\/wp-content\/uploads\/2024\/11\/osescritorios-advocacia-goiania-768x513.jpg 768w, https:\/\/www.jbconsultoria.adv.br\/site\/wp-content\/uploads\/2024\/11\/osescritorios-advocacia-goiania-800x534.jpg 800w\" sizes=\"(max-width: 800px) 100vw, 800px\" \/>\t\t\t\t\t\t\t\t\t\t\t\t\t<\/div>\n\t\t\t\t<\/div>\n\t\t\t\t<section class=\"elementor-section elementor-inner-section elementor-element elementor-element-4f160583 elementor-section-boxed elementor-section-height-default elementor-section-height-default\" data-id=\"4f160583\" data-element_type=\"section\">\n\t\t\t\t\t\t<div class=\"elementor-container elementor-column-gap-default\">\n\t\t\t\t\t<div class=\"elementor-column elementor-col-50 elementor-inner-column elementor-element elementor-element-375a9e12\" data-id=\"375a9e12\" data-element_type=\"column\">\n\t\t\t<div class=\"elementor-widget-wrap elementor-element-populated\">\n\t\t\t\t\t\t<div class=\"elementor-element elementor-element-331b6cbb elementor-view-default elementor-widget elementor-widget-icon\" data-id=\"331b6cbb\" data-element_type=\"widget\" data-widget_type=\"icon.default\">\n\t\t\t\t<div class=\"elementor-widget-container\">\n\t\t\t\t\t<div class=\"elementor-icon-wrapper\">\n\t\t\t<div class=\"elementor-icon\">\n\t\t\t<i aria-hidden=\"true\" class=\"far fa-building\"><\/i>\t\t\t<\/div>\n\t\t<\/div>\n\t\t\t\t<\/div>\n\t\t\t\t<\/div>\n\t\t\t\t\t<\/div>\n\t\t<\/div>\n\t\t\t\t<div class=\"elementor-column elementor-col-50 elementor-inner-column elementor-element elementor-element-5d2a84c\" data-id=\"5d2a84c\" data-element_type=\"column\">\n\t\t\t<div class=\"elementor-widget-wrap elementor-element-populated\">\n\t\t\t\t\t\t<div class=\"elementor-element elementor-element-748f94b5 elementor-widget elementor-widget-heading\" data-id=\"748f94b5\" data-element_type=\"widget\" data-widget_type=\"heading.default\">\n\t\t\t\t<div class=\"elementor-widget-container\">\n\t\t\t<h3 class=\"elementor-heading-title elementor-size-default\">Edif\u00edcio Concorde<\/h3>\t\t<\/div>\n\t\t\t\t<\/div>\n\t\t\t\t<div class=\"elementor-element elementor-element-2a96b67b elementor-widget elementor-widget-text-editor\" data-id=\"2a96b67b\" data-element_type=\"widget\" data-widget_type=\"text-editor.default\">\n\t\t\t\t<div class=\"elementor-widget-container\">\n\t\t\t\t\t\t\t<p style=\"text-align: justify;\">Av. Dr. H\u00e9lio Ribeiro, 395-761 &#8211; Eldorado, Salas 1106 e 1107<br \/>Cuiab\u00e1 &#8211; MT<br \/>CEP 78050-970<\/p>\t\t\t\t\t\t<\/div>\n\t\t\t\t<\/div>\n\t\t\t\t\t<\/div>\n\t\t<\/div>\n\t\t\t\t\t<\/div>\n\t\t<\/section>\n\t\t\t\t<section class=\"elementor-section elementor-inner-section elementor-element elementor-element-20406e1e elementor-section-boxed elementor-section-height-default elementor-section-height-default\" data-id=\"20406e1e\" data-element_type=\"section\">\n\t\t\t\t\t\t<div class=\"elementor-container elementor-column-gap-default\">\n\t\t\t\t\t<div class=\"elementor-column elementor-col-50 elementor-inner-column elementor-element elementor-element-50ea7520\" data-id=\"50ea7520\" data-element_type=\"column\">\n\t\t\t<div class=\"elementor-widget-wrap elementor-element-populated\">\n\t\t\t\t\t\t<div class=\"elementor-element elementor-element-a015c12 elementor-view-default elementor-widget elementor-widget-icon\" data-id=\"a015c12\" data-element_type=\"widget\" data-widget_type=\"icon.default\">\n\t\t\t\t<div class=\"elementor-widget-container\">\n\t\t\t\t\t<div class=\"elementor-icon-wrapper\">\n\t\t\t<div class=\"elementor-icon\">\n\t\t\t<i aria-hidden=\"true\" class=\"far fa-building\"><\/i>\t\t\t<\/div>\n\t\t<\/div>\n\t\t\t\t<\/div>\n\t\t\t\t<\/div>\n\t\t\t\t\t<\/div>\n\t\t<\/div>\n\t\t\t\t<div class=\"elementor-column elementor-col-50 elementor-inner-column elementor-element elementor-element-24f4316f\" data-id=\"24f4316f\" data-element_type=\"column\">\n\t\t\t<div class=\"elementor-widget-wrap elementor-element-populated\">\n\t\t\t\t\t\t<div class=\"elementor-element elementor-element-299e5e15 elementor-widget elementor-widget-heading\" data-id=\"299e5e15\" data-element_type=\"widget\" data-widget_type=\"heading.default\">\n\t\t\t\t<div class=\"elementor-widget-container\">\n\t\t\t<h3 class=\"elementor-heading-title elementor-size-default\">Centro Comercial Mariah<\/h3>\t\t<\/div>\n\t\t\t\t<\/div>\n\t\t\t\t<div class=\"elementor-element elementor-element-4de206ce elementor-widget elementor-widget-text-editor\" data-id=\"4de206ce\" data-element_type=\"widget\" data-widget_type=\"text-editor.default\">\n\t\t\t\t<div class=\"elementor-widget-container\">\n\t\t\t\t\t\t\t<p style=\"text-align: justify;\">Av. S\u00e3o Francisco, Quadra 21, n\u00ba 647, Jundia\u00ed, Sala 02<br \/>An\u00e1polis &#8211; GO<br \/>CEP 75110-810<\/p>\t\t\t\t\t\t<\/div>\n\t\t\t\t<\/div>\n\t\t\t\t\t<\/div>\n\t\t<\/div>\n\t\t\t\t\t<\/div>\n\t\t<\/section>\n\t\t\t\t<div class=\"elementor-element elementor-element-11ef66af elementor-widget elementor-widget-text-editor\" data-id=\"11ef66af\" data-element_type=\"widget\" data-widget_type=\"text-editor.default\">\n\t\t\t\t<div class=\"elementor-widget-container\">\n\t\t\t\t\t\t\t<p style=\"text-align: center;\">\u201cTu \u00e9s o meu Deus, e eu te louvarei; tu \u00e9s o meu Deus, e eu te exaltarei.<br \/>Louvai ao Senhor, porque ele \u00e9 bom; porque a sua benignidade dura para sempre.\u201d<br \/>Salmos 118:28,29<\/p>\t\t\t\t\t\t<\/div>\n\t\t\t\t<\/div>\n\t\t\t\t\t<\/div>\n\t\t<\/div>\n\t\t\t\t\t<\/div>\n\t\t<\/section>\n\t\t\t\t<\/div>\n\t\t","protected":false},"excerpt":{"rendered":"<p>ESCRIT\u00d3RIOS Miss\u00e3o Prestar servi\u00e7os jur\u00eddicos com dedica\u00e7\u00e3o e excel\u00eancia, nas atividades de fomento formalizadas entre a Administra\u00e7\u00e3o P\u00fablica e o Terceiro Setor, oferecendo solu\u00e7\u00f5es inovadoras para obten\u00e7\u00e3o de resultados expressivos que garantam a satisfa\u00e7\u00e3o de seus clientes. Vis\u00e3o Ser o melhor escrit\u00f3rio jur\u00eddico brasileiro na presta\u00e7\u00e3o de servi\u00e7os especializados em Direito do Terceiro Setor, Direito [&hellip;]<\/p>\n","protected":false},"author":1,"featured_media":0,"parent":0,"menu_order":0,"comment_status":"closed","ping_status":"closed","template":"elementor_header_footer","meta":{"footnotes":""},"class_list":["post-1517","page","type-page","status-publish","hentry"],"_links":{"self":[{"href":"https:\/\/www.jbconsultoria.adv.br\/site\/wp-json\/wp\/v2\/pages\/1517","targetHints":{"allow":["GET"]}}],"collection":[{"href":"https:\/\/www.jbconsultoria.adv.br\/site\/wp-json\/wp\/v2\/pages"}],"about":[{"href":"https:\/\/www.jbconsultoria.adv.br\/site\/wp-json\/wp\/v2\/types\/page"}],"author":[{"embeddable":true,"href":"https:\/\/www.jbconsultoria.adv.br\/site\/wp-json\/wp\/v2\/users\/1"}],"replies":[{"embeddable":true,"href":"https:\/\/www.jbconsultoria.adv.br\/site\/wp-json\/wp\/v2\/comments?post=1517"}],"version-history":[{"count":64,"href":"https:\/\/www.jbconsultoria.adv.br\/site\/wp-json\/wp\/v2\/pages\/1517\/revisions"}],"predecessor-version":[{"id":4934,"href":"https:\/\/www.jbconsultoria.adv.br\/site\/wp-json\/wp\/v2\/pages\/1517\/revisions\/4934"}],"wp:attachment":[{"href":"https:\/\/www.jbconsultoria.adv.br\/site\/wp-json\/wp\/v2\/media?parent=1517"}],"curies":[{"name":"wp","href":"https:\/\/api.w.org\/{rel}","templated":true}]}}